{"id":2835,"date":"2023-07-12T14:23:39","date_gmt":"2023-07-12T13:23:39","guid":{"rendered":"https:\/\/bevitas.upminds.dev\/startseite\/"},"modified":"2025-10-17T13:29:27","modified_gmt":"2025-10-17T12:29:27","slug":"startseite","status":"publish","type":"page","link":"https:\/\/bevitas.upminds.dev\/en\/","title":{"rendered":"Startseite"},"content":{"rendered":"<style>\/*! elementor - v3.15.0 - 20-08-2023 *\/<br \/>\n.elementor-heading-title{padding:0;margin:0;line-height:1}.elementor-widget-heading .elementor-heading-title[class*=elementor-size-]>a{color:inherit;font-size:inherit;line-height:inherit}.elementor-widget-heading .elementor-heading-title.elementor-size-small{font-size:15px}.elementor-widget-heading .elementor-heading-title.elementor-size-medium{font-size:19px}.elementor-widget-heading .elementor-heading-title.elementor-size-large{font-size:29px}.elementor-widget-heading .elementor-heading-title.elementor-size-xl{font-size:39px}.elementor-widget-heading .elementor-heading-title.elementor-size-xxl{font-size:59px}<\/style>\n<h2>Bevitas \u2013<br \/>\nIhr verl\u00e4sslicher Partner!<\/h2>\n<p>Gemeinsam mit unseren internationalen Handelspartnern f\u00fchren wir prim\u00e4r f\u00fcr die Segmente <strong>Getr\u00e4nke &amp; Lebensmittel<\/strong> ein umfassendes Portfolio an Produkten f\u00fcr die <strong>Filtration und Getr\u00e4nkebehandlung.<\/strong><\/p>\n<p>Mittelpunkt unseres Handelns ist der Erfolg unserer zufriedenen Kunden.<\/p>\n<p>Die Auswahl der angebotenen Produkte und Dienstleistungen unterliegt daher h\u00f6chsten Qualit\u00e4tsanforderungen.<\/p>\n<p>Wir freuen uns auf Ihre Herausforderung!<\/p>\n<p>Ihr Team von Bevitas.<\/p>\n<p><a href=\"https:\/\/bevitas.upminds.dev\/en\/contacts\/\"><br \/>\nKontakt aufnehmen<br \/>\n<\/a><br \/>\n<a href=\"https:\/\/bevitas.upminds.dev\/ueber-uns\/\"><br \/>\n\u00dcber uns<\/a><\/p>\n<style>.elementor-slides .swiper-slide-bg{background-size:cover;background-position:50%;background-repeat:no-repeat;min-width:100%;min-height:100%}.elementor-slides .swiper-slide-inner{background-repeat:no-repeat;background-position:50%;position:absolute;top:0;left:0;bottom:0;right:0;padding:50px;margin:auto}.elementor-slides .swiper-slide-inner,.elementor-slides .swiper-slide-inner:hover{color:#fff;display:flex}.elementor-slides .swiper-slide-inner .elementor-background-overlay{position:absolute;z-index:0;top:0;bottom:0;left:0;right:0}.elementor-slides .swiper-slide-inner .elementor-slide-content{position:relative;z-index:1;width:100%}.elementor-slides .swiper-slide-inner .elementor-slide-heading{font-size:35px;font-weight:700;line-height:1}.elementor-slides .swiper-slide-inner .elementor-slide-description{font-size:17px;line-height:1.4}.elementor-slides .swiper-slide-inner .elementor-slide-description:not(:last-child),.elementor-slides .swiper-slide-inner .elementor-slide-heading:not(:last-child){margin-bottom:30px}.elementor-slides .swiper-slide-inner .elementor-slide-button{border:2px solid #fff;color:#fff;background:transparent;display:inline-block}.elementor-slides .swiper-slide-inner .elementor-slide-button,.elementor-slides .swiper-slide-inner .elementor-slide-button:hover{background:transparent;color:inherit;text-decoration:none}.elementor--v-position-top .swiper-slide-inner{align-items:flex-start}.elementor--v-position-bottom .swiper-slide-inner{align-items:flex-end}.elementor--v-position-middle .swiper-slide-inner{align-items:center}.elementor--h-position-left .swiper-slide-inner{justify-content:flex-start}.elementor--h-position-right .swiper-slide-inner{justify-content:flex-end}.elementor--h-position-center .swiper-slide-inner{justify-content:center}body.rtl .elementor-widget-slides .elementor-swiper-button-next{left:10px;right:auto}body.rtl .elementor-widget-slides .elementor-swiper-button-prev{right:10px;left:auto}.elementor-slides-wrapper div:not(.swiper-slide)>.swiper-slide-inner{display:none}@media (max-width:767px){.elementor-slides .swiper-slide-inner{padding:30px}.elementor-slides .swiper-slide-inner .elementor-slide-heading{font-size:23px;line-height:1;margin-bottom:15px}.elementor-slides .swiper-slide-inner .elementor-slide-description{font-size:13px;line-height:1.4;margin-bottom:15px}}<\/style>\n<p>EUROPOR\u00ae KBECOPADSt\u00fctzschichten BECO EnduraBECO TiefenfilterschichtenBiotechnologieGeh\u00e4use und AnlagenGetr\u00e4nkebehandlung<\/p>\n<h2>\u00dcber bevitas \u2013 caring food &amp; bev<\/h2>\n<p>Nach mehr als 20 Jahren weltweiter Exporterfahrung gr\u00fcndete Alfons Witte im Jahre 2012 die Bevitas GmbH als Start-up im Bereich des internationalen Handelsgesch\u00e4ftes. Hauptaugenmerk liegt auf den Segmenten <strong>Getr\u00e4nke &amp; Lebensmittel.<\/strong>Als autorisierter Distributionspartner von Eaton (Begerow Produktlinie) hat sich das Unternehmen bereits jetzt als Ansprechpartner f\u00fcr alle Fragen hinsichtlich <strong>Filtration und Getr\u00e4nkebehandlung<\/strong> etabliert. Eine weitere wichtige S\u00e4ule bildet das Gesch\u00e4ft mit general\u00fcberholten Maschinen. Schwerpunkt sind hier Filterger\u00e4te f\u00fcr die Anschwemm- und Tiefenfiltration; Je nach Bedarf als Einzelkomponenten oder auch komplette Filterlinien. Erg\u00e4nzt wird das Portfolio durch die Beschaffung seltener Ersatzteile, Dichtungen und Laborartikeln, sowie kundenspezifischer Spezialanfertigungen.<br \/>\n<a href=\"https:\/\/bevitas.upminds.dev\/ueber-uns\/\"><br \/>\nmehr lesen<br \/>\n<\/a><\/p>\n<style>\/*! elementor - v3.15.0 - 20-08-2023 *\/<br \/>\n.elementor-widget-image{text-align:center}.elementor-widget-image a{display:inline-block}.elementor-widget-image a img[src$=\".svg\"]{width:48px}.elementor-widget-image img{vertical-align:middle;display:inline-block}<\/style>\n<p><img fetchpriority=\"high\" decoding=\"async\" src=\"https:\/\/bevitas.upminds.dev\/wp-content\/uploads\/landkarte_gruen.png\" sizes=\"(max-width: 808px) 100vw, 808px\" srcset=\"https:\/\/bevitas.upminds.dev\/wp-content\/uploads\/landkarte_gruen.png 808w, https:\/\/bevitas.upminds.dev\/wp-content\/uploads\/landkarte_gruen-300x157.png 300w, https:\/\/bevitas.upminds.dev\/wp-content\/uploads\/landkarte_gruen-768x402.png 768w\" alt=\"\" width=\"808\" height=\"423\" \/><\/p>\n<h2>Unsere Services<\/h2>\n<p>&nbsp;<\/p>\n<ul>\n<li>\nAnwendungsberatung und Prozesskontrolle<\/li>\n<li>\nProduktempfehlung und Produktauswahl<\/li>\n<li>\nProduktdokumentation (technische Datenbl\u00e4tter, Sicherheitsdatenbl\u00e4tter, spezielle Zertifkate)<\/li>\n<li>\nKonzeption, Dimensionierung und Projektierung von Anlagen<\/li>\n<li>\nAngebotserstellung \/ Projektvorbereitung<\/li>\n<li>\nLogistik \/ Lagerhaltung<\/li>\n<\/ul>\n<p>Spedition<\/p>\n<ul>\n<li>\nOrganisation Transporte<\/li>\n<li>\nFrachtoptimierung<\/li>\n<li>\nTermin\u00fcberwachung<\/li>\n<li>\nTransportversicherung<\/li>\n<li>\nZollrechtliche Dokumentation<\/li>\n<\/ul>\n<p>Unsere Partner<br \/>\n<img decoding=\"async\" src=\"https:\/\/bevitas.upminds.dev\/wp-content\/uploads\/eaton-logo.png\" alt=\"\" width=\"118\" height=\"54\" \/><br \/>\n<img decoding=\"async\" src=\"https:\/\/bevitas.upminds.dev\/wp-content\/uploads\/laboratus-logo.png\" alt=\"\" width=\"118\" height=\"54\" \/><br \/>\n<img loading=\"lazy\" decoding=\"async\" src=\"https:\/\/bevitas.upminds.dev\/wp-content\/uploads\/braukon-logo.png\" alt=\"\" width=\"118\" height=\"54\" \/><br \/>\nWir unterst\u00fctzen<br \/>\n<img loading=\"lazy\" decoding=\"async\" src=\"https:\/\/bevitas.upminds.dev\/wp-content\/uploads\/neven-subotic-stiftung.png\" alt=\"\" width=\"118\" height=\"54\" \/><\/p>\n","protected":false},"excerpt":{"rendered":"<p>Bevitas \u2013 Ihr verl\u00e4sslicher Partner! Gemeinsam mit unseren internationalen Handelspartnern f\u00fchren wir prim\u00e4r f\u00fcr die Segmente Getr\u00e4nke &amp; Lebensmittel ein umfassendes Portfolio an Produkten f\u00fcr die Filtration und Getr\u00e4nkebehandlung. Mittelpunkt unseres Handelns ist der Erfolg unserer zufriedenen Kunden. Die Auswahl der angebotenen Produkte und Dienstleistungen unterliegt daher h\u00f6chsten Qualit\u00e4tsanforderungen. Wir freuen uns auf Ihre Herausforderung! [&hellip;]<\/p>\n","protected":false},"author":1,"featured_media":0,"parent":0,"menu_order":0,"comment_status":"closed","ping_status":"closed","template":"elementor_header_footer","meta":{"footnotes":""},"class_list":["post-2835","page","type-page","status-publish","hentry"],"acf":[],"_links":{"self":[{"href":"https:\/\/bevitas.upminds.dev\/en\/wp-json\/wp\/v2\/pages\/2835","targetHints":{"allow":["GET"]}}],"collection":[{"href":"https:\/\/bevitas.upminds.dev\/en\/wp-json\/wp\/v2\/pages"}],"about":[{"href":"https:\/\/bevitas.upminds.dev\/en\/wp-json\/wp\/v2\/types\/page"}],"author":[{"embeddable":true,"href":"https:\/\/bevitas.upminds.dev\/en\/wp-json\/wp\/v2\/users\/1"}],"replies":[{"embeddable":true,"href":"https:\/\/bevitas.upminds.dev\/en\/wp-json\/wp\/v2\/comments?post=2835"}],"version-history":[{"count":1,"href":"https:\/\/bevitas.upminds.dev\/en\/wp-json\/wp\/v2\/pages\/2835\/revisions"}],"predecessor-version":[{"id":5333,"href":"https:\/\/bevitas.upminds.dev\/en\/wp-json\/wp\/v2\/pages\/2835\/revisions\/5333"}],"wp:attachment":[{"href":"https:\/\/bevitas.upminds.dev\/en\/wp-json\/wp\/v2\/media?parent=2835"}],"curies":[{"name":"wp","href":"https:\/\/api.w.org\/{rel}","templated":true}]}}